{"id":2159,"date":"2025-05-16T14:04:48","date_gmt":"2025-05-16T12:04:48","guid":{"rendered":"https:\/\/www.fifi4marine.com\/?page_id=2159"},"modified":"2025-06-02T11:42:24","modified_gmt":"2025-06-02T09:42:24","slug":"condiciones-generales-de-entrega","status":"publish","type":"page","link":"https:\/\/www.fifi4marine.com\/es\/algemene-leveringsvoorwaarden\/","title":{"rendered":"Condiciones generales de entrega"},"content":{"rendered":"<div data-elementor-type=\"wp-page\" data-elementor-id=\"2159\" class=\"elementor elementor-2159\" data-elementor-post-type=\"page\">\n\t\t\t\t<div class=\"elementor-element elementor-element-790a677f e-flex e-con-boxed e-con e-parent\" data-id=\"790a677f\" data-element_type=\"container\" data-e-type=\"container\">\n\t\t\t\t\t<div class=\"e-con-inner\">\n\t\t\t\t<div class=\"elementor-element elementor-element-bc9720c elementor-widget elementor-widget-text-editor\" data-id=\"bc9720c\" data-element_type=\"widget\" data-e-type=\"widget\" data-widget_type=\"text-editor.default\">\n\t\t\t\t<div class=\"elementor-widget-container\">\n\t\t\t\t\t\t\t\t\t\n<p>Todas las ofertas y entregas de FIFI4MARINE B.V. est\u00e1n sujetas a las Condiciones Generales de Orgalime S 2022 Acuerdo de Licencia de Orgalime.<\/p>\n\n<p>Estos documentos bajo licencia est\u00e1n protegidos por derechos de autor. Para acceder a ellos, p\u00f3ngase en contacto directamente con su gestor de cuenta o env\u00ede un correo electr\u00f3nico a info@fifi4marine.com.<\/p>\n\n<p>\u00a0<\/p>\n\t\t\t\t\t\t\t\t<\/div>\n\t\t\t\t<\/div>\n\t\t\t\t\t<\/div>\n\t\t\t\t<\/div>\n\t\t\t\t<\/div>","protected":false},"excerpt":{"rendered":"<p>Todas las ofertas y entregas de FIFI4MARINE B.V. est\u00e1n sujetas a las Condiciones Generales de Orgalime S 2022 Acuerdo de Licencia de Orgalime. Estos documentos bajo licencia est\u00e1n protegidos por derechos de autor. Para acceder a ellos, p\u00f3ngase en contacto directamente con su gestor de cuenta o env\u00ede un correo electr\u00f3nico a info@fifi4marine.com. \u00a0<\/p>","protected":false},"author":3,"featured_media":0,"parent":0,"menu_order":0,"comment_status":"closed","ping_status":"closed","template":"","meta":{"footnotes":""},"class_list":["post-2159","page","type-page","status-publish","hentry"],"_links":{"self":[{"href":"https:\/\/www.fifi4marine.com\/es\/wp-json\/wp\/v2\/pages\/2159","targetHints":{"allow":["GET"]}}],"collection":[{"href":"https:\/\/www.fifi4marine.com\/es\/wp-json\/wp\/v2\/pages"}],"about":[{"href":"https:\/\/www.fifi4marine.com\/es\/wp-json\/wp\/v2\/types\/page"}],"author":[{"embeddable":true,"href":"https:\/\/www.fifi4marine.com\/es\/wp-json\/wp\/v2\/users\/3"}],"replies":[{"embeddable":true,"href":"https:\/\/www.fifi4marine.com\/es\/wp-json\/wp\/v2\/comments?post=2159"}],"version-history":[{"count":7,"href":"https:\/\/www.fifi4marine.com\/es\/wp-json\/wp\/v2\/pages\/2159\/revisions"}],"predecessor-version":[{"id":2772,"href":"https:\/\/www.fifi4marine.com\/es\/wp-json\/wp\/v2\/pages\/2159\/revisions\/2772"}],"wp:attachment":[{"href":"https:\/\/www.fifi4marine.com\/es\/wp-json\/wp\/v2\/media?parent=2159"}],"curies":[{"name":"wp","href":"https:\/\/api.w.org\/{rel}","templated":true}]}}